{"id":539,"date":"2024-06-05T15:48:10","date_gmt":"2024-06-05T15:48:10","guid":{"rendered":"https:\/\/www.laksharchana.com\/?page_id=539"},"modified":"2024-07-18T22:08:46","modified_gmt":"2024-07-18T20:08:46","slug":"la-pratica","status":"publish","type":"page","link":"https:\/\/www.laksharchana.com\/it\/la-pratica\/","title":{"rendered":"LA PRATICA"},"content":{"rendered":"<p>La pratica di &#8220;SAI SMARAN&#8221; (invocare la Grazia di Dio ricordandoLo)<\/p>\n<p>Il sentiero della recitazione del Nome Divino<\/p>\n<p>Ci sono due pratiche spirituali che permettono ai devoti di Bhagav\u0101n \u015ar\u012b Sathya Sai Baba grazie alla Sua onnipresenza di ottenere la Sua grazia e la Sua divina benedizione:<\/p>\n<p>1. Laksharchana (significa &#8216;centomila offerte&#8217;, ovvero recitare un mantra 100.000 volte mentre si offrono grani di riso) &#8211; \u00e8 uno straordinario esercizio spirituale che d\u00e0 beneficio a tutti coloro che vi partecipano (vedi sotto).<\/p>\n<p>2. Havan \u00e8 un fuoco sacrificale in cui si offre del ghi (burro chiarificato, anidro) ed altri speciali ingredienti, accompagnati dalla recitazione di un mantra al Signore.<\/p>\n<p>L&#8217;amato Swami, ha dimostrato la Sua divina presenza in vari modi. Egli afferma: &#8220;I miracoli sono i miei biglietti da visita; Io do alle persone quello che vogliono in modo che esse mi diano quello che lo voglio, e cio\u00e8 il loro amore per Dio.<\/p>\n<p>In tutte le religioni ci sono valori umani universali che mettono in rilievo l&#8217;importanza della preghiera, la necessit\u00e0 dell&#8217;adorazione, il principio della fratellanza degli uomini e della paternit\u00e0 di Dio, nonch\u00e9 lo sviluppo dell&#8217;amore per tutti gli esseri. Indu, Musulmani, Cristiani, Buddisti, Ebrei &#8211; ogni gruppo ha il proprio modo di pregare, ma quello che tutti cercano \u00e8 la grazia di Dio.<\/p>\n<p>Lasciate che esistano e fioriscano fedi diverse, e che la gloria di Dio sia cantata in tutte le lingue ed in una variet\u00e0 di melodie. Quello deve essere l&#8217;ideale. Rispettate le differenze tra le fedi riconoscetene la validit\u00e0 purch\u00e9 esse non soffochino la fiamma dell&#8217;unit\u00e0.<\/p>\n<p>Se tutti gli uomini vivessero gli ideali professati dai fondatori della loro religione, senza lasciarsi toccare dalla cupidigia e dall&#8217;odio, il mondo sarebbe una residenza felice e pacifica per l&#8217;umanit\u00e0.&#8221;<\/p>\n<p>L&#8217;amato Swami diede questa magnifica spiegazione sull&#8217;importanza della ripetizione del Nome nell&#8217;era attuale: &#8220;Questo Kali Yuga \u00e8 esaltato dalle scritture perch\u00e9 favorisce senza pari la salvezza dell&#8217;uomo, che pu\u00f2 ora raggiungere l&#8217;Assoluto con il solo pensiero di Dio, ricordando il Suo Nome. Perci\u00f2, di tutte le ere, l&#8217;attuale \u00e8 considerata la pi\u00f9 santa e la pi\u00f9 benefica.<\/p>\n<p>Nel Krita Yuga era prescritta la meditazione come mezzo di liberazione dell&#8217;uomo; nel Treta Yuga l&#8217;ascetismo era il metodo per la salvezza, mentre nel Dv\u0101para Yuga era prevista l&#8217;adorazione rituale.<\/p>\n<p>Per la gente dell&#8217;attuale Kali Yuga, il semplice rimedio prescritto \u00e8 unicamente il n\u0101ma-smarana, la costante consapevolezza del Nome di Dio. \u00c8 davvero un peccato che gli uomini non si curino di tale pratica e riducano le loro vite come un desolato deserto.&#8221;<\/p>\n<p>L&#8217;amato Swami ispir\u00f2 questo servo ad iniziare la pratica del Laksharchana e Havan.<\/p>\n<p>Laksharchana<\/p>\n<p>Il 18 gennaio 1967, alcuni giorni dopo che Baba aveva celebrato il nostro matrimonio divino, ricevemmo la benedizione di un altro colloquio privato. Swami ci parl\u00f2 dettagliatamente delle religioni e di argomenti a queste connessi. Avevo sempre avuto il desiderio di ricevere da Lui un mantra, e quando si present\u00f2 l&#8217;occasione molto umilmente glielo chiesi. Egli cerc\u00f2 di sviare distraendomi e parlando di altre cose, ma per Sua Volont\u00e0 seppi perseverare, ed alla fine Egli mi diede il mantra Aum Sri Sathya Sai Krishnaya Namaha! Baba mi diede istruzione di usare questo mantra, che \u00e8 valido per tutti, nella disciplina spirituale.<\/p>\n<p>Con la Sua Grazia, la straordinaria pratica chiamata Laksharchana viene eseguita con la recita collettiva di questo mantra per 100.000 volte mentre tutti i partecipanti offrono grani di riso ai Piedi del nostro amato Signore, come sotto descritto.<\/p>\n<p>Il significato del mantra \u00e8 il seguente:<\/p>\n<p>Aum (Om) &#8211; si riferisce al Parabrahman (l&#8217;Assoluto, Dio)<\/p>\n<p>\u015ar\u012b- la deit\u00e0 della ricchezza e della prosperit\u00e0<\/p>\n<p>Sathya-Verit\u00e0<\/p>\n<p>Sai-Madre Divina<\/p>\n<p>Krishnaya &#8211; A Krishna (Avatar con tutti i poteri come Sathya Sai Baba)<\/p>\n<p>Namaha &#8211; Prostrazioni, inchini, omaggi.<\/p>\n<p>Si sceglie un luogo idoneo per far accomodare tutti i partecipanti. Pi\u00f9 numerosi sono i convenuti e maggiore sar\u00e0 il numero delle persone (e relative famiglie) che ne beneficer\u00e0, mentre la durata della cerimonia sar\u00e0 pi\u00f9 breve (vedi sotto).<\/p>\n<p>Ogni partecipante riceve un vassoio con due scomparti, una piccola foto di Sathya Sai Baba, una bustina di vibhuti ed una manciata di riso. I vassoi e le altre cose devono essere preparati in anticipo, prima dell&#8217;arrivo dei devoti. Poi si contano i partecipanti, ed in base al numero si calcola quante volte il mantra debba essere ripetuto con l&#8217;uso di un japam\u0101la (rosario con 108 grani). Per esempio se ci sono 100 partecipanti, un giro di japam\u0101la (con un rosario di 108 grani se ne considerano validi solo 100, gli altri 8 sono in pi\u00f9) sar\u00e0 di 100 x 100 = 10.000 ripetizioni del mantra. Con dieci giri di rosario si avranno 10.000 x 10 = 100.000 recitazioni. Se invece ci sono soltanto 50 partecipanti, allora ci vorranno venti giri di rosario per raggiungere 100.000; in tal caso ci vorr\u00e0 il doppio del tempo che con 100 partecipantil \u00c8 preferibile nominare due persone munite di rosario che contino fino alla fine della recitazione. Prima di iniziare, ogni partecipante deve mettere i grani di riso in uno scomparto del vassoio, la piccola foto dell&#8217;amato Swami e la bustina di vibhuti nell&#8217;altro. La funzione inizier\u00e0 con una mezz&#8217;ora di bhajan che tocchino l&#8217;anima per innalzare la vibrazione spirituale. Il mantra &#8216;Aum Sri Sathya Sai Krishnaya Namaba sar\u00e0 recitato all&#8217;unisono e con piena concentrazione per ricavarne il massimo beneficio.<\/p>\n<p>Dapprima tutti ripeteranno il mantra lentamente, prendendo contempo- raneamente qualche grano di riso con la mano destra per farlo ricadere sulla foto del nostro amato Signore o sulla bustina di Vibhuti. Dopo aver ripetuto qualche volta questi gesti, la mano automaticamente si adatter\u00e0 alla distanza tra il riso e la foto, ed il devoto potr\u00e0 chiudere gli occhi e focalizzarsi sulla Divinit\u00e0 interiore, mentre continua a muovere la mano. La velocit\u00e0 della recitazione aumenter\u00e0 e cos\u00ec anche l&#8217;offerta del riso.<\/p>\n<p>Prima di iniziare l&#8217;ultimo giro di rosario (il decimo o il ventesimo nel caso degli esempi sopra citati), la recitazione verr\u00e0 interrotta per impartire ulteriori istruzioni:<\/p>\n<p>1. Questa pratica \u00e8 un&#8217;opportunit\u00e0 d&#8217;oro per il devoto per fare passi concreti verso l&#8217;auto-purificazione e pregare per ricevere la be- nedizione divina di Baba.<\/p>\n<p>2. I partecipanti sono invitati a rinunciare ad una cattiva abitudine (per esempio: fumare, bere alcolici, masticare tabacco) ed a chiedere l&#8217;aiuto di Baba, al fine di per esempio diventare vegetariani, o mettere in pratica i Suoi insegnamenti come &#8220;Ama tutti, servi tutti&#8221; &#8211; &#8220;Aiuta sempre, non fare mai del male&#8221; &#8211; &#8220;Sii buono, vedi il bene, fai il bene&#8221;!<\/p>\n<p>3. Al termine della recitazione, dopo l&#8217;Arati, i grani di riso offerti vengono messi in una busta o in un pacchetto insieme alla foto ed alla vibhuti per essere portati a casa. I vassoi vanno restituiti agli organizzatori per essere usati per la prossima funzione. Una parte del riso santificato pu\u00f2 essere successivamente distribuita a chi soffre ed \u00e8 malato; se questo riso \u00e8 mescolato con il riso normale, cucinato e mangiato pu\u00f2 dare luogo a guarigioni miracolose (vedi sotto). Un po&#8217; del riso consacrato pu\u00f2 essere introdotto nel contenitore del riso di casa, in modo che si possa mangiarne sempre; ci\u00f2 contribuir\u00e0 alla crescita mentale e spirituale.<br \/>\nLa divina vibhuti pu\u00f2 essere mescolata con altra vibhuti e distribuita alle persone bisognose.<\/p>\n<p>5. La foto usata nel Laksharchana \u00e8 carica di potere cosmico e pu\u00f2 essere messa nella sala delle preghiere, in automobile, ecc.<\/p>\n<p>La ripetizione del mantra per 100.000 volte \u00e8 una pratica unica e molto potente; il devoto deve partecipare per riuscire a sperimentare le divine vibrazioni che si percepiscono sino alla fine della recitazione. Molti devoti hanno riferito che, dopo questa pratica, i loro problemi si sono risolti. Ecco qui di seguito alcuni esempi.<\/p>\n<p>Una donna, mentre partecipava a questa funzione, decise di rinunciare a qualcosa e mentalmente disse a Baba: &#8220;Swami, ti prego dimmi che cosa devo chiedere? Mio marito \u00e8 malato di cancro ed io prego che possa guarire; ma devo anche pregare per il suo benessere (cio\u00e8 che stia in vita e stia bene).&#8221; Il giorno successivo quando la donna and\u00f2 in ospedale, il medico le disse: &#8220;Ho delle buone notizie! Gli ultimi esami hanno dimo- strato che il tumore di suo marito \u00e8 benigno e non maligno. Con una terapia adeguata guarir\u00e0 completamente.&#8221;<\/p>\n<p>Un altro devoto preg\u00f2 Baba: &#8220;Swami, io rinuncer\u00f2 ad una cosa; ma ti prego aiuta mio figlio che \u00e8 in ospedale, privo di conoscenza da molti giorni. I medici non sono in grado di determinare la causa.&#8221; Subito il giorno dopo, il ragazzo riacquist\u00f2 conoscenza, e dopo una terapia appropriata ritorn\u00f2 alla normalit\u00e0.<\/p>\n<p>Il Dr. Upadhyay, uno dei migliori specialisti oftalmici di Londra e devoto dell&#8217;amato Swami, mi dimostr\u00f2 il potere del riso santificato dopo un Laksharchana. Un giorno un devoto corse da lui e gli disse: &#8220;Dottore, sono diventato improvvisamente cieco nel giro di due giorni, riesco a malapena a vedere qualcosa!&#8221; Dopo aver visitato il paziente, il Dr. Upadhyay dovette con sorpresa constatare che gli occhi erano colpiti da tumore e che i due bulbi oculari dovevano essere rimossi al pi\u00f9 presto prima che il cancro raggiungesse il cervello e lo facesse morire.<\/p>\n<p>Il paziente, cui fu detto di ritornare all&#8217;indomani e di prepararsi per l&#8217;operazione, rimase sconvolto e, una volta arrivato a casa, and\u00f2 subito a pregare nella stanza della meditazione. I suoi occhi si posarono sul pacchetto di riso che aveva portato a casa dopo il Laksharchana, e si ricord\u00f2 di avere sentito che questi grani di riso erano carichi di potere cosmico. Perci\u00f2 fece cuocere tutto il riso e lo mangi\u00f2. Con sua grande meraviglia, il giorno successivo riusci a vedere chiaramente, ed il Dr. Upadhyay, dopo averlo visitato, conferm\u00f2 che il tumore era scomparso e che gli occhi sembravano perfettamente normali!<\/p>\n<p>Lo specialista mi disse di riferire a tutti i devoti questo miracolo, avvenuto grazie ai grani di riso santificati.<\/p>\n<p>Una donna aveva una gran devozione per Swami, mentre suo marito non aveva fede. Egli disse: &#8220;Il nostro frigorifero \u00e8 guasto. Attaccaci sopra la foto del tuo Dio, e se riprender\u00e0 a funzionare allora creder\u00f2 in Baba!&#8221; Tutti si stupirono nel vedere che il frigorifero riprese a funzionare; suo marito cominci\u00f2 ad avere fede ed entrambi furono contenti. Un altro episodio riguarda una lavatrice che non funzionava, ma che riprese ad andare dopo avervi attaccato la foto santificata!<\/p>\n<p>Molti devoti che avevano partecipato al Laksharchana hanno avuto la conferma dei benefici di questa grande disciplina, come ad esempio la pace della mente, il miglioramento della salute fisica e la crescita spirituale. Numerosi devoti che non riuscivano a meditare a causa della loro &#8216;mente da scimmia&#8217; si accorsero che la loro concentrazione era migliorata. Molti si recarono a Prashanti Nilayam per avere il darshan di Baba e lo riconobbero come Dio.<\/p>\n<p>Il Laksharchana divenne molto popolare in Inghilterra e fu eseguito in tutto il paese; fino a luglio 2003 furono svolte 840 funzioni e ci\u00f2 fece aumentare il numero dei devoti e dei Centri Sai. I devoti di Coventry decisero di eseguire cento Laksharchana, chiamato Shat-Laksharchana, cio\u00e8 100 x 100.000 = 10 milioni di recitazioni del mantra. Questo avvenne nel tempio di Krishna a Coventry e fu completato in tre settimane, con la grazia dell&#8217;amato Swami. Tale avvenimento fu citato in un articolo del Renatana Sarathi: &#8216;I devoti di Coventry hanno uscitato in record! Cosi il Regno Unito sta rapidamente diventando un Regno Sai.<\/p>\n","protected":false},"excerpt":{"rendered":"<p>La pratica di &#8220;SAI SMARAN&#8221; (invocare la Grazia di Dio ricordandoLo) Il sentiero della recitazione del Nome Divino Ci sono due pratiche spirituali che permettono ai devoti di Bhagav\u0101n \u015ar\u012b [&hellip;]<\/p>\n","protected":false},"author":1,"featured_media":0,"parent":0,"menu_order":0,"comment_status":"closed","ping_status":"closed","template":"","meta":{"_breakdance_hide_in_design_set":false,"_breakdance_tags":"","footnotes":""},"class_list":["post-539","page","type-page","status-publish","hentry"],"blocksy_meta":[],"_links":{"self":[{"href":"https:\/\/www.laksharchana.com\/it\/wp-json\/wp\/v2\/pages\/539","targetHints":{"allow":["GET"]}}],"collection":[{"href":"https:\/\/www.laksharchana.com\/it\/wp-json\/wp\/v2\/pages"}],"about":[{"href":"https:\/\/www.laksharchana.com\/it\/wp-json\/wp\/v2\/types\/page"}],"author":[{"embeddable":true,"href":"https:\/\/www.laksharchana.com\/it\/wp-json\/wp\/v2\/users\/1"}],"replies":[{"embeddable":true,"href":"https:\/\/www.laksharchana.com\/it\/wp-json\/wp\/v2\/comments?post=539"}],"version-history":[{"count":2,"href":"https:\/\/www.laksharchana.com\/it\/wp-json\/wp\/v2\/pages\/539\/revisions"}],"predecessor-version":[{"id":555,"href":"https:\/\/www.laksharchana.com\/it\/wp-json\/wp\/v2\/pages\/539\/revisions\/555"}],"wp:attachment":[{"href":"https:\/\/www.laksharchana.com\/it\/wp-json\/wp\/v2\/media?parent=539"}],"curies":[{"name":"wp","href":"https:\/\/api.w.org\/{rel}","templated":true}]}}