{"id":787,"date":"2024-06-11T18:24:41","date_gmt":"2024-06-11T18:24:41","guid":{"rendered":"https:\/\/www.laksharchana.com\/?page_id=787"},"modified":"2024-06-11T18:29:03","modified_gmt":"2024-06-11T18:29:03","slug":"privacy-policy","status":"publish","type":"page","link":"https:\/\/www.laksharchana.com\/de\/datenschutzbestimmungen\/","title":{"rendered":"Datenschutzbestimmungen"},"content":{"rendered":"<div class=\"uagb-container-inner-blocks-wrap\">\n<p>Der Zweck dieser Datenschutzrichtlinie ist es, zu beschreiben, wie die Website www.laksharchana.com (im Folgenden als \"<strong>Anmeldung<\/strong>\") \u00fcber die Verarbeitung personenbezogener Daten von Nutzern, die die angebotenen Dienste in Anspruch nehmen.<\/p>\n<p>Diese Informationen werden gem\u00e4\u00df Art. 13 des Datenschutzgesetzes \u00fcber den Schutz personenbezogener Daten im Sinne des Gesetzesdekrets 196\/2003 (im Folgenden als \"<strong>Datenschutz-Code<\/strong>\"), die von der Garantiebeh\u00f6rde herausgegebene Bestimmung \"Identifizierung der vereinfachten Modalit\u00e4ten f\u00fcr die Information und die Einholung der Zustimmung zur Verwendung von Cookies\" vom 8. Mai 2014 und die Empfehlung Nr. 2\/2001, die die europ\u00e4ischen Beh\u00f6rden f\u00fcr den Schutz personenbezogener Daten, die in der durch Artikel 29 der Richtlinie Nr. 95\/46\/EG eingerichteten Gruppe zusammenkommen, am 17. Mai 2001 angenommen haben.<\/p>\n<p>Der Eigent\u00fcmer kann diese Datenschutzrichtlinie ganz oder teilweise \u00e4ndern oder einfach aktualisieren. \u00c4nderungen und Aktualisierungen sind verbindlich, sobald sie in der Anwendung ver\u00f6ffentlicht werden. Der Nutzer wird daher aufgefordert, die Datenschutzrichtlinie bei jedem Zugriff auf die Anwendung zu \u00fcberpr\u00fcfen.<\/p>\n<h3>1. Grunds\u00e4tze<\/h3>\n<p>Die Verarbeitung personenbezogener Daten erfolgt nach den Grunds\u00e4tzen der Sachdienlichkeit, der Rechtm\u00e4\u00dfigkeit und der Fairness, wie sie im Datenschutzkodex dargelegt sind, durch den Einsatz geeigneter Sicherheitsma\u00dfnahmen und gegebenenfalls nach Einwilligung der Nutzer.<\/p>\n<p>Diese Daten werden so lange, wie es f\u00fcr die Erreichung der Zwecke, f\u00fcr die sie erhoben oder sp\u00e4ter verarbeitet wurden, erforderlich ist, in einer Form gespeichert, die die Identifizierung der betroffenen Person erm\u00f6glicht.<\/p>\n<h3>2. Inhaber und Ort der Datenverarbeitung<\/h3>\n<p>Gem\u00e4\u00df Artikel 28 des Datenschutzgesetzes ist der Inhaber der Anwendung und der Datenverarbeitung Federica Romanin Jacur, E-Mail-Adresse info@laksharchana.com (im Folgenden der \"<strong>Eigent\u00fcmer<\/strong>\").<\/p>\n<p>Die Daten werden am operativen Sitz des f\u00fcr die Verarbeitung Verantwortlichen und an jedem anderen Ort, an dem sich die an der Verarbeitung Beteiligten befinden, verarbeitet und nur von dem mit der Verarbeitung beauftragten Personal oder von Personen, die mit gelegentlichen Wartungsarbeiten betraut sind, behandelt. F\u00fcr weitere Informationen wenden Sie sich bitte an den f\u00fcr die Verarbeitung Verantwortlichen.<\/p>\n<h3>3. Zweck<\/h3>\n<p>Sofern die Weitergabe personenbezogener Daten nicht gesetzlich vorgeschrieben oder f\u00fcr die Erf\u00fcllung von Anfragen oder vertraglichen Verpflichtungen zur Erbringung des Dienstes unbedingt erforderlich ist, werden personenbezogene Daten von den Nutzern bei der Aktivierung des Dienstes freiwillig und fakultativ f\u00fcr die folgenden Zwecke bereitgestellt:<\/p>\n<ul>\n<li>Das Kundenerlebnis individuell gestalten<\/li>\n<li>Benutzerregistrierung und -authentifizierung<\/li>\n<li>Sicherstellung der korrekten Nutzung der E-Commerce-Plattform<\/li>\n<\/ul>\n<h3>4. Arten der verarbeiteten personenbezogenen Daten<\/h3>\n<p>A. <strong>Pers\u00f6nliche Daten<\/strong><\/p>\n<p>Personenbezogene Daten k\u00f6nnen vom Nutzer freiwillig eingegeben oder bei der Nutzung dieser Anwendung automatisch erfasst werden.<\/p>\n<p>Die Nichtbereitstellung bestimmter personenbezogener Daten durch den Nutzer kann dazu f\u00fchren, dass diese Anwendung ihre Dienste nicht bereitstellen kann.<\/p>\n<p>Der Nutzer \u00fcbernimmt die Verantwortung f\u00fcr die pers\u00f6nlichen Daten Dritter, die \u00fcber diese Anwendung ver\u00f6ffentlicht oder weitergegeben werden, und garantiert, dass er das Recht hat, diese zu \u00fcbermitteln oder zu verbreiten, wobei er den Eigent\u00fcmer von jeglicher Haftung gegen\u00fcber Dritten befreit.<\/p>\n<p>B. <strong>Daten zur Navigation<\/strong><\/p>\n<p>Die Computersysteme und Softwareverfahren, die f\u00fcr den Betrieb dieser Anwendung verwendet werden, erfassen im Rahmen ihres normalen Betriebs bestimmte personenbezogene Daten, deren \u00dcbermittlung durch die Verwendung von Internet-Kommunikationsprotokollen impliziert ist.<\/p>\n<p>Diese Informationen werden nicht gesammelt, um mit identifizierten Interessenten in Verbindung gebracht zu werden, sondern k\u00f6nnten aufgrund ihrer Beschaffenheit durch Verarbeitung und Verkn\u00fcpfung mit Daten im Besitz von Dritten die Identifizierung von Nutzern erm\u00f6glichen. Zu dieser Kategorie geh\u00f6ren die IP-Adressen oder die Dom\u00e4nennamen, die von den Nutzern verwendet werden, die sich mit der Website verbinden, die URI (Uniform Resource Identifier)-Adressen der angeforderten Ressourcen, die Uhrzeit der Anfrage, die Methode, die zur \u00dcbermittlung der Anfrage an den Server verwendet wird, die Gr\u00f6\u00dfe der erhaltenen Datei, usw.<\/p>\n<p>Diese Daten werden verwendet, um anonyme und aggregierte statistische Informationen \u00fcber die Nutzung der Anwendung zu erhalten und ihr ordnungsgem\u00e4\u00dfes Funktionieren zu \u00fcberpr\u00fcfen, und sie werden dauerhaft auf Servern von Dritten (Hosting-Providern) gespeichert. Die Daten k\u00f6nnten zur Feststellung der Verantwortlichkeit im Falle hypothetischer Computerkriminalit\u00e4t zum Nachteil der Anwendung verwendet werden.<\/p>\n<p>C. <strong>Cookies<\/strong><\/p>\n<p>Die Anwendung verwendet Cookies, die die B\u00fcrgschaftsbeh\u00f6rde als kleine Textstrings definiert, die die vom Nutzer besuchten Websites an sein Endger\u00e4t (in der Regel an den Browser) senden, wo sie gespeichert werden, um beim n\u00e4chsten Besuch desselben Nutzers an dieselben Websites zur\u00fcckgesendet zu werden.<\/p>\n<p>Beim Surfen in der Anwendung kann der Nutzer auf seinem Endger\u00e4t auch Cookies erhalten, die von verschiedenen Websites oder Webservern (so genannten \"Dritten\") gesendet werden, auf denen sich bestimmte Elemente (Bilder, Karten, Links usw.) der vom Nutzer besuchten Website befinden k\u00f6nnen.<\/p>\n<p>Cookies werden verwendet, um den Zugang zu Online-Diensten zu beschleunigen und das Surferlebnis der Nutzer zu verbessern (Sitzungsverfolgung, Speicherung von Nutzerinformationen, schnelleres Laden von Inhalten usw.).<\/p>\n<p>Der Benutzer hat beim ersten Zugriff die M\u00f6glichkeit, die Installation der verf\u00fcgbaren Cookies zu best\u00e4tigen oder nicht, oder alternativ die Cookie-Politik https:\/\/www.laksharchana.com\/cookie-policy\/ einzusehen, die alle Modalit\u00e4ten der Manifestation und Verweigerung der Zustimmung enth\u00e4lt.<\/p>\n<h3>5. Links zu Websites Dritter<\/h3>\n<p>Der Eigent\u00fcmer kann auf seiner Anwendung Produkte oder Dienstleistungen Dritter pr\u00e4sentieren oder anbieten. Was den Datenschutz betrifft, so gelten f\u00fcr die Websites dieser Parteien andere und unabh\u00e4ngige Kriterien als f\u00fcr unsere. Daher lehnt der Eigent\u00fcmer jede Verantwortung f\u00fcr den Inhalt oder die Aktivit\u00e4ten dieser verlinkten Seiten ab.<\/p>\n<h3>6. Modalit\u00e4ten der Behandlung<\/h3>\n<p>Die Verarbeitung der Daten kann nicht nur in ihrer Erhebung, sondern auch in ihrer Erfassung, Speicherung, Ver\u00e4nderung, \u00dcbermittlung, L\u00f6schung, Verbreitung usw. bestehen und erfolgt sowohl auf Papier als auch mit Hilfe elektronischer, computergest\u00fctzter und telematischer oder anderweitig innovativer Mittel, gem\u00e4\u00df Methoden und mit Instrumenten, die geeignet sind, die Sicherheit und Vertraulichkeit der Daten zu gew\u00e4hrleisten, gem\u00e4\u00df den Bestimmungen der Artikel 31 ff. des Datenschutzgesetzes, die sich auf die \"<em>Mindestsicherheitsma\u00dfnahmen f\u00fcr die Verarbeitung von personenbezogenen Daten<\/em>', die ein Mindestma\u00df an Schutz personenbezogener Daten gew\u00e4hrleisten soll.<\/p>\n<p>Insbesondere werden alle technischen, informationstechnischen, organisatorischen, logistischen und verfahrenstechnischen Sicherheitsvorkehrungen getroffen, wie sie im Datenschutzgesetz, im \"Anhang B\" desselben Dekrets (den so genannten technischen Vorschriften) und in den verschiedenen Bestimmungen, die sp\u00e4ter zu seiner Erg\u00e4nzung erlassen wurden, vorgesehen sind, damit zumindest das gesetzlich vorgeschriebene Mindestma\u00df an Datenschutz gew\u00e4hrleistet ist.<\/p>\n<p>Au\u00dferdem wird durch die angewandten Methoden sichergestellt, dass nur die von uns mit der Verarbeitung betrauten Personen Zugriff auf die Daten haben.<\/p>\n<h3>7. Rechte der betroffenen Personen<\/h3>\n<p>Der Nutzer hat das Recht, Auskunft \u00fcber seine personenbezogenen Daten zu erhalten, eine Best\u00e4tigung dar\u00fcber zu verlangen, ob Daten vorhanden sind, ihren Inhalt und ihre Herkunft zu erfahren, ihre Richtigkeit zu \u00fcberpr\u00fcfen, ihre Erg\u00e4nzung oder Aktualisierung, ihre Berichtigung, L\u00f6schung, Umwandlung in anonyme Form oder Sperrung zu verlangen sowie sich in jedem Fall ihrer Verarbeitung aus legitimen Gr\u00fcnden zu widersetzen.<\/p>\n<p>Die Antr\u00e4ge k\u00f6nnen auf folgende Weise eingereicht werden:<\/p>\n<ul>\n<li>E-Mail an info@laksharchana.com;<\/li>\n<\/ul>\n<h3>8. Begriffsbestimmungen<\/h3>\n<p><strong>Anmeldung<\/strong>: Website, App, Hardware- oder Software-Tool, \u00fcber das personenbezogene Daten von Nutzern gesammelt werden.<\/p>\n<p><strong>Pers\u00f6nliche Daten<\/strong>jede Information, die sich auf eine nat\u00fcrliche Person bezieht und die - auch indirekt - durch Bezugnahme auf eine andere Information, einschlie\u00dflich einer pers\u00f6nlichen Identifikationsnummer, identifiziert oder identifizierbar ist.<\/p>\n<p><strong>Benutzer<\/strong>: die Person, die diese Anwendung nutzt, die mit der betroffenen Person \u00fcbereinstimmen muss oder von ihr bevollm\u00e4chtigt ist und deren personenbezogene Daten verarbeitet werden.<\/p>\n<p><strong>Datenverarbeiter<\/strong>nat\u00fcrliche Personen, juristische Personen, \u00f6ffentliche Verwaltungen und sonstige Stellen, Vereinigungen oder Organisationen, die von dem f\u00fcr die Verarbeitung Verantwortlichen mit der Verarbeitung personenbezogener Daten gem\u00e4\u00df den Bestimmungen dieser Datenschutzerkl\u00e4rung betraut werden.<\/p>\n<p><strong>Verantwortlicher f\u00fcr die Datenverarbeitung<\/strong>Der f\u00fcr die Datenverarbeitung Verantwortliche ist die nat\u00fcrliche oder juristische Person, die \u00f6ffentliche Verwaltung und jede andere Stelle, Vereinigung oder Organisation, die - auch gemeinsam mit einem anderen f\u00fcr die Datenverarbeitung Verantwortlichen - f\u00fcr die Entscheidung \u00fcber die Zwecke, die Methoden der Verarbeitung personenbezogener Daten und die eingesetzten Instrumente, einschlie\u00dflich des Sicherheitsprofils, im Zusammenhang mit dem Betrieb und der Nutzung dieser Anwendung verantwortlich ist. Der f\u00fcr die Datenverarbeitung Verantwortliche ist, sofern nicht anders angegeben, der Eigent\u00fcmer dieser Anwendung.<\/p>\n<p><strong>Verarbeitung von personenbezogenen Daten<\/strong>Nach italienischem Recht ist darunter jeder Vorgang oder jede Vorgangsreihe zu verstehen, die auch ohne elektronische Hilfsmittel durchgef\u00fchrt wird und die Erhebung, die Speicherung, die Organisation, die Aufbewahrung, die Abfrage, die Verarbeitung, die Ver\u00e4nderung, die Auswahl, die Entnahme, den Vergleich, die Verwendung, die Verkn\u00fcpfung, die Sperrung, die \u00dcbermittlung, die Verbreitung, die L\u00f6schung und die Vernichtung von Daten betrifft, auch wenn diese nicht in einer Datenbank gespeichert sind.<\/p>\n<\/div>","protected":false},"excerpt":{"rendered":"<p>La presente Informativa sulla Privacy ha l\u2019intento di descrivere le modalit\u00e0 di gestione del sito web www.laksharchana.com (di seguito \u201cApplicazione\u201d) in merito al trattamento dei dati personali degli utenti che [&hellip;]<\/p>\n","protected":false},"author":1,"featured_media":0,"parent":0,"menu_order":0,"comment_status":"closed","ping_status":"closed","template":"","meta":{"_breakdance_hide_in_design_set":false,"_breakdance_tags":"","footnotes":""},"class_list":["post-787","page","type-page","status-publish","hentry"],"blocksy_meta":[],"_links":{"self":[{"href":"https:\/\/www.laksharchana.com\/de\/wp-json\/wp\/v2\/pages\/787","targetHints":{"allow":["GET"]}}],"collection":[{"href":"https:\/\/www.laksharchana.com\/de\/wp-json\/wp\/v2\/pages"}],"about":[{"href":"https:\/\/www.laksharchana.com\/de\/wp-json\/wp\/v2\/types\/page"}],"author":[{"embeddable":true,"href":"https:\/\/www.laksharchana.com\/de\/wp-json\/wp\/v2\/users\/1"}],"replies":[{"embeddable":true,"href":"https:\/\/www.laksharchana.com\/de\/wp-json\/wp\/v2\/comments?post=787"}],"version-history":[{"count":2,"href":"https:\/\/www.laksharchana.com\/de\/wp-json\/wp\/v2\/pages\/787\/revisions"}],"predecessor-version":[{"id":791,"href":"https:\/\/www.laksharchana.com\/de\/wp-json\/wp\/v2\/pages\/787\/revisions\/791"}],"wp:attachment":[{"href":"https:\/\/www.laksharchana.com\/de\/wp-json\/wp\/v2\/media?parent=787"}],"curies":[{"name":"wp","href":"https:\/\/api.w.org\/{rel}","templated":true}]}}